{"id":3570,"date":"2024-09-24T17:36:04","date_gmt":"2024-09-24T15:36:04","guid":{"rendered":"https:\/\/edukatus.se\/board-and-management\/"},"modified":"2025-10-14T14:28:20","modified_gmt":"2025-10-14T12:28:20","slug":"board-and-management","status":"publish","type":"page","link":"https:\/\/edukatus.se\/en\/board-and-management\/","title":{"rendered":"Board and management"},"content":{"rendered":"\n<p class=\"is-style-default\"><\/p>\n\n\n<div class=\"g-distance g-block\"><\/div>\n\n\n<div class=\"g-block g-cards g-cards--2\">\n\t<a href=\"https:\/\/edukatus.se\/koncernledning\/\" class=\"g-card\"><div class=\"g-card-image g-card-image__container\"><figure class=\"g-figure\"><div class=\"g-figure__wrapper\"><img class='g-image' style='object-position:center center;' src='https:\/\/edukatus.se\/app\/uploads\/2024\/09\/thorengruppen7409479-webres-2048px-683x384.jpg' srcset='https:\/\/edukatus.se\/app\/uploads\/2024\/09\/thorengruppen7409479-webres-2048px-683x384.jpg 683w, https:\/\/edukatus.se\/app\/uploads\/2024\/09\/thorengruppen7409479-webres-2048px-1366x768.jpg 1366w, https:\/\/edukatus.se\/app\/uploads\/2024\/09\/thorengruppen7409479-webres-2048px-150x84.jpg 150w, https:\/\/edukatus.se\/app\/uploads\/2024\/09\/thorengruppen7409479-webres-2048px-768x432.jpg 768w, https:\/\/edukatus.se\/app\/uploads\/2024\/09\/thorengruppen7409479-webres-2048px-1536x864.jpg 1536w, https:\/\/edukatus.se\/app\/uploads\/2024\/09\/thorengruppen7409479-webres-2048px-1920x1080.jpg 1920w, https:\/\/edukatus.se\/app\/uploads\/2024\/09\/thorengruppen7409479-webres-2048px-910x512.jpg 910w, https:\/\/edukatus.se\/app\/uploads\/2024\/09\/thorengruppen7409479-webres-2048px-455x256.jpg 455w, https:\/\/edukatus.se\/app\/uploads\/2024\/09\/thorengruppen7409479-webres-2048px-300x169.jpg 300w, https:\/\/edukatus.se\/app\/uploads\/2024\/09\/thorengruppen7409479-webres-2048px.jpg 2048w' sizes='(max-width: 683px) 100vw, 683px' width='683' height='384' alt='En gr\u00f6nm\u00e5lad v\u00e4gg med en vit tavla som har tv\u00e5 etiketter, &#039;DENNA LEKTION&#039; och &#039;N\u00c4STA LEKTION&#039;, i det \u00f6vre v\u00e4nstra h\u00f6rnet. Framf\u00f6r tavlan syns en del av rummet med runda bord och stolar i gr\u00f6na och bl\u00e5 f\u00e4rger. Den rena och minimalistiska inredningen skapar en lugn atmosf\u00e4r i rummet.'><\/div><\/figure><\/div><div class=\"g-card-text g-card-text__container\"><h3 class=\"g-card__title\">Group management<\/h3><p class=\"g-card__description\"><\/p><\/div><\/a><a href=\"https:\/\/edukatus.se\/styrelse\/\" class=\"g-card\"><div class=\"g-card-image g-card-image__container\"><figure class=\"g-figure\"><div class=\"g-figure__wrapper\"><img class='g-image' style='object-position:center center;' src='https:\/\/edukatus.se\/app\/uploads\/2024\/09\/thorengruppen7409759-webres-2048px-683x384.jpg' srcset='https:\/\/edukatus.se\/app\/uploads\/2024\/09\/thorengruppen7409759-webres-2048px-683x384.jpg 683w, https:\/\/edukatus.se\/app\/uploads\/2024\/09\/thorengruppen7409759-webres-2048px-1366x768.jpg 1366w, https:\/\/edukatus.se\/app\/uploads\/2024\/09\/thorengruppen7409759-webres-2048px-150x84.jpg 150w, https:\/\/edukatus.se\/app\/uploads\/2024\/09\/thorengruppen7409759-webres-2048px-768x432.jpg 768w, https:\/\/edukatus.se\/app\/uploads\/2024\/09\/thorengruppen7409759-webres-2048px-1536x864.jpg 1536w, https:\/\/edukatus.se\/app\/uploads\/2024\/09\/thorengruppen7409759-webres-2048px-1920x1080.jpg 1920w, https:\/\/edukatus.se\/app\/uploads\/2024\/09\/thorengruppen7409759-webres-2048px-910x512.jpg 910w, https:\/\/edukatus.se\/app\/uploads\/2024\/09\/thorengruppen7409759-webres-2048px-455x256.jpg 455w, https:\/\/edukatus.se\/app\/uploads\/2024\/09\/thorengruppen7409759-webres-2048px-300x169.jpg 300w, https:\/\/edukatus.se\/app\/uploads\/2024\/09\/thorengruppen7409759-webres-2048px.jpg 2048w' sizes='(max-width: 683px) 100vw, 683px' width='683' height='384' alt='En v\u00e4gg med verktyg i en organiserad verkstad. Verktygen \u00e4r prydligt upph\u00e4ngda p\u00e5 en tr\u00e4vitt v\u00e4ggpanel med etiketter som anger deras namn: skruvmejslar, hammare, t\u00e4nger, fogsvansar, filar, och andra snickarverktyg. Tr\u00e4kubbor och skruvst\u00e4d \u00e4r ocks\u00e5 synliga. Ljuset faller mjukt \u00f6ver verktygen och skapar en varm, arbetssam atmosf\u00e4r.'><\/div><\/figure><\/div><div class=\"g-card-text g-card-text__container\"><h3 class=\"g-card__title\">Board<\/h3><p class=\"g-card__description\"><\/p><\/div><\/a><\/div>\n\n<div class=\"g-block g-card-single\">\n\t<a href=\"https:\/\/edukatus.se\/edukatus-ska-vara-ett-foretag-medarbetarna-ar-stolta-over\/\" class=\"g-card g-card-text--left\"><div class=\"g-card-image g-card-image__container\"><figure class=\"g-figure\"><div class=\"g-figure__wrapper\"><img class='g-image' style='object-position:center center;' src='https:\/\/edukatus.se\/app\/uploads\/2024\/09\/fredrik-1-of-1-edit4-683x533.jpg' srcset='https:\/\/edukatus.se\/app\/uploads\/2024\/09\/fredrik-1-of-1-edit4-683x533.jpg 683w, https:\/\/edukatus.se\/app\/uploads\/2024\/09\/fredrik-1-of-1-edit4-1366x1066.jpg 1366w, https:\/\/edukatus.se\/app\/uploads\/2024\/09\/fredrik-1-of-1-edit4-150x117.jpg 150w, https:\/\/edukatus.se\/app\/uploads\/2024\/09\/fredrik-1-of-1-edit4-768x599.jpg 768w, https:\/\/edukatus.se\/app\/uploads\/2024\/09\/fredrik-1-of-1-edit4-1536x1199.jpg 1536w, https:\/\/edukatus.se\/app\/uploads\/2024\/09\/fredrik-1-of-1-edit4-910x710.jpg 910w, https:\/\/edukatus.se\/app\/uploads\/2024\/09\/fredrik-1-of-1-edit4-455x355.jpg 455w, https:\/\/edukatus.se\/app\/uploads\/2024\/09\/fredrik-1-of-1-edit4-300x234.jpg 300w, https:\/\/edukatus.se\/app\/uploads\/2024\/09\/fredrik-1-of-1-edit4.jpg 1795w' sizes='(max-width: 683px) 100vw, 683px' width='683' height='533' alt='Fredrik Geijer i svartvitt'><\/div><\/figure><\/div><div class=\"g-card-text g-card-text__container\"><h3 class=\"g-card__title\">Edukatus Alliance&#039;s chairman Fredrik Geijer<\/h3><p class=\"g-card__description\">\u201cEdukatus Alliance should be a company that employees are proud of.\u201d<\/p><\/div><\/a><\/div>","protected":false},"excerpt":{"rendered":"","protected":false},"author":8,"featured_media":0,"parent":0,"menu_order":0,"comment_status":"closed","ping_status":"closed","template":"","meta":{"_acf_changed":false,"_seopress_robots_primary_cat":"","_seopress_titles_title":"Board and management | Edukatus Alliance","_seopress_titles_desc":"","_seopress_robots_index":"","_relevanssi_hide_post":"","_relevanssi_hide_content":"","_relevanssi_pin_for_all":"","_relevanssi_pin_keywords":"","_relevanssi_unpin_keywords":"","_relevanssi_related_keywords":"","_relevanssi_related_include_ids":"","_relevanssi_related_exclude_ids":"","_relevanssi_related_no_append":"","_relevanssi_related_not_related":"","_relevanssi_related_posts":"2704,2462,2383,5550,3510,2951","_relevanssi_noindex_reason":"","footnotes":""},"class_list":["post-3570","page","type-page","status-publish","hentry"],"acf":[],"_links":{"self":[{"href":"https:\/\/edukatus.se\/en\/wp-json\/wp\/v2\/pages\/3570","targetHints":{"allow":["GET"]}}],"collection":[{"href":"https:\/\/edukatus.se\/en\/wp-json\/wp\/v2\/pages"}],"about":[{"href":"https:\/\/edukatus.se\/en\/wp-json\/wp\/v2\/types\/page"}],"author":[{"embeddable":true,"href":"https:\/\/edukatus.se\/en\/wp-json\/wp\/v2\/users\/8"}],"replies":[{"embeddable":true,"href":"https:\/\/edukatus.se\/en\/wp-json\/wp\/v2\/comments?post=3570"}],"version-history":[{"count":5,"href":"https:\/\/edukatus.se\/en\/wp-json\/wp\/v2\/pages\/3570\/revisions"}],"predecessor-version":[{"id":32261,"href":"https:\/\/edukatus.se\/en\/wp-json\/wp\/v2\/pages\/3570\/revisions\/32261"}],"wp:attachment":[{"href":"https:\/\/edukatus.se\/en\/wp-json\/wp\/v2\/media?parent=3570"}],"curies":[{"name":"wp","href":"https:\/\/api.w.org\/{rel}","templated":true}]}}