{"id":1746,"date":"2019-12-13T10:02:06","date_gmt":"2019-12-13T08:02:06","guid":{"rendered":"http:\/\/edukatus.se\/startsidan\/"},"modified":"2025-09-23T13:58:50","modified_gmt":"2025-09-23T11:58:50","slug":"startsidan","status":"publish","type":"page","link":"https:\/\/edukatus.se\/en\/","title":{"rendered":"Start"},"content":{"rendered":"<div id='g-fullscreen-hero--5517' class='g-block g-fullscreen-hero' >\n\t<video class='g-video g-fullscreen-hero__film' style='object-position:center center;' autoplay='' muted='' playsinline='' loop='' fetchpriority='high' poster='https:\/\/edukatus.se\/app\/uploads\/2024\/09\/edukatos-film-loop-2-hd-1920x1080-1-1366x768.jpg'><source data-src='https:\/\/edukatus.se\/app\/uploads\/2024\/09\/edukatos-film-loop-2-hd-1920x1080-1.webm' type='video\/webm'><source data-src='https:\/\/edukatus.se\/app\/uploads\/2024\/09\/edukatos-film-loop-2-hd-1920x1080-1.mp4' type='video\/mp4'><\/video>\t<script>window.addEventListener(\"load\", () => { g_film_overwatch(\"g-fullscreen-hero--5517\") });<\/script>\n\t<div class=\"g-fullscreen-hero__content g-align-standard\">\n\t\t<h1 class=\"g-hero\">Welcome to Edukatus Alliance &#8211; we focus on education<\/h1><div class='g-buttons g-buttons--left'><a class='g-button g-button--secondary g-button--large' href='https:\/\/edukatus.se\/om-oss\/'>Read more about us<\/a><\/div>\t<\/div>\n\t<a class=\"g-fullscreen-hero__scroll-down\" href=\"#g-fullscreen-hero-scroll-down-anchor\">\n\t\t<svg xmlns=\"http:\/\/www.w3.org\/2000\/svg\" fill=\"none\" viewBox=\"0 0 20 20\"><path stroke=\"#000\" stroke-linecap=\"round\" stroke-linejoin=\"round\" stroke-miterlimit=\"10\" stroke-width=\"1.5\" d=\"m1 5.5 9 9 9-9\"\/><\/svg>\t<\/a>\n<\/div>\n\n\n<div class='g-buttons g-buttons--left g-block g-margin-top-small g-margin-bottom-small'><a class='g-button g-button--primary' href='https:\/\/aikompass.edukatus.se\/' target='_blank'>Edukatus Alliance AI-compass<\/a><\/div>\n\n\n<p class=\"is-style-default\">The Edukatus Alliance operates preschools, primary and secondary schools throughout Sweden. We believe education programmes should lead to employment or higher education. Preschool and primary school students should be given the best conditions for success and preparation for success in the next step of their education. Upper secondary schools should have strong links to both society and industry.<\/p>\n\n\n<div class='g-block g-number-circles' >\n\t\t\t<div class='g-number-circle g-number-circles__item' number='52'>\n\t\t\t<span class=\"g-number-circle__number\">0<\/span>\n\t\t\t<p class=\"g-number-circle__label\">preschools, schools, and vocational colleges<\/p>\n\t\t<\/div>\n\t\t\t\t<div class='g-number-circle g-number-circles__item' number='10200'>\n\t\t\t<span class=\"g-number-circle__number\">0<\/span>\n\t\t\t<p class=\"g-number-circle__label\">children, students, and adult learners<\/p>\n\t\t<\/div>\n\t\t\t\t<div class='g-number-circle g-number-circles__item' number='1250'>\n\t\t\t<span class=\"g-number-circle__number\">0<\/span>\n\t\t\t<p class=\"g-number-circle__label\">coworkers<\/p>\n\t\t<\/div>\n\t\t<\/div>\n\n\n\n<p><\/p>\n\n\n<h2 class='g-block g-heading'>Our Educational Institutions<\/h2>\n\n<section class='g-block g-columns g-columns--gap g-columns--stack' >\n\t\t\n<div class=\"g-columns__item g-column\" style=\"--adjust:flex-start;\">\n\t\n<div class='g-buttons g-buttons--left g-block g-links'><a class='g-button g-button--blank g-button--standard' href='https:\/\/www.affarsgymnasiet.se\/' target='_blank'>Business Upper Secondary School<\/a><a class='g-button g-button--blank g-button--standard' href='https:\/\/www.tekniskagymnasiet.se\/' target='_blank'>Technical Upper Secondary School<\/a><a class='g-button g-button--blank g-button--standard' href='https:\/\/gymnasieakademin.se\/' target='_blank'>Upped Secondary School Academy<\/a><\/div>\n<\/div>\n\n\n<div class=\"g-columns__item g-column\" style=\"--adjust:flex-start;\">\n\t\n<div class='g-buttons g-buttons--left g-block g-links'><a class='g-button g-button--blank g-button--standard' href='https:\/\/www.yrkesgymnasiet.se\/'>Vocational Upper Secondary School<\/a><a class='g-button g-button--blank g-button--standard' href='https:\/\/www.thorenframtid.se\/' target='_blank'>Pre-schools and primary schools<\/a><a class='g-button g-button--blank g-button--standard' href='https:\/\/www.nbi-handelsakademin.se\/' target='_blank'>NBI\/Handelsakademin<\/a><\/div>\n<\/div>\n\n\n<\/section>\n\n\n\n<p class=\"is-style-default\"><\/p>\n\n\n<h2 class='g-block g-heading'>News<\/h2>\n\n\n<div class=\"g-block g-news-list g-cards g-cards--3\"><a href=\"https:\/\/edukatus.se\/en\/tbs-jonkoping-and-the-technical-high-schools-will-remain-open-until-june-2026\/\" class=\"g-card\"><div class=\"g-card-image g-card-image__container\"><figure class=\"g-figure\"><div class=\"g-figure__wrapper\"><img class='g-image' style='object-position:center center;' src='https:\/\/edukatus.se\/app\/uploads\/2024\/10\/1-683x455.jpg' srcset='https:\/\/edukatus.se\/app\/uploads\/2024\/10\/1-683x455.jpg 683w, https:\/\/edukatus.se\/app\/uploads\/2024\/10\/1-1366x911.jpg 1366w, https:\/\/edukatus.se\/app\/uploads\/2024\/10\/1-150x100.jpg 150w, https:\/\/edukatus.se\/app\/uploads\/2024\/10\/1-768x512.jpg 768w, https:\/\/edukatus.se\/app\/uploads\/2024\/10\/1-1536x1024.jpg 1536w, https:\/\/edukatus.se\/app\/uploads\/2024\/10\/1-2048x1365.jpg 2048w, https:\/\/edukatus.se\/app\/uploads\/2024\/10\/1-1920x1280.jpg 1920w, https:\/\/edukatus.se\/app\/uploads\/2024\/10\/1-910x607.jpg 910w, https:\/\/edukatus.se\/app\/uploads\/2024\/10\/1-455x303.jpg 455w, https:\/\/edukatus.se\/app\/uploads\/2024\/10\/1-300x200.jpg 300w' sizes='(max-width: 683px) 100vw, 683px' width='683' height='455' alt='Ett modernt klassrum med en \u00f6ppen och ljus planl\u00f6sning. Rummet har stora f\u00f6nster som sl\u00e4pper in mycket dagsljus och f\u00e4rgglada inslag p\u00e5 v\u00e4ggarna, med en kombination av lila och rosa paneler. Flera bord med gr\u00e5a och gula stolar \u00e4r utplacerade i rummet, och en v\u00e4ggmonterad TV syns framf\u00f6r en stor whiteboard.'><\/div><\/figure><\/div><div class=\"g-card-text g-card-text__container\"><h3 class=\"g-card__title\">TBS J\u00f6nk\u00f6ping and the Technical High Schools will remain open until June 2026.<\/h3><p class=\"g-card__description\">Admissions to first-year students were halted this summer, so currently, only second- and third-year students are attending the schools. The five schools together have 358 students, spread across, in some cases, four programs, which means one program might have 1 student while another has 15. Next year, when only second-year students remain, the total number&#8230;<\/p><\/div><\/a><a href=\"https:\/\/edukatus.se\/en\/thorengruppen-becomes-edukatus\/\" class=\"g-card\"><div class=\"g-card-image g-card-image__container\"><figure class=\"g-figure\"><div class=\"g-figure__wrapper\"><img class='g-image' style='object-position:center center;' src='https:\/\/edukatus.se\/app\/uploads\/2024\/09\/edukatus-mockup-logo-on-paper-683x455.png' srcset='https:\/\/edukatus.se\/app\/uploads\/2024\/09\/edukatus-mockup-logo-on-paper-683x455.png 683w, https:\/\/edukatus.se\/app\/uploads\/2024\/09\/edukatus-mockup-logo-on-paper-150x100.png 150w, https:\/\/edukatus.se\/app\/uploads\/2024\/09\/edukatus-mockup-logo-on-paper-768x512.png 768w, https:\/\/edukatus.se\/app\/uploads\/2024\/09\/edukatus-mockup-logo-on-paper-910x607.png 910w, https:\/\/edukatus.se\/app\/uploads\/2024\/09\/edukatus-mockup-logo-on-paper-455x303.png 455w, https:\/\/edukatus.se\/app\/uploads\/2024\/09\/edukatus-mockup-logo-on-paper-300x200.png 300w, https:\/\/edukatus.se\/app\/uploads\/2024\/09\/edukatus-mockup-logo-on-paper.png 1350w' sizes='(max-width: 683px) 100vw, 683px' width='683' height='455' alt='Mockupbild p\u00e5 ett lila blad med Edukatus logotyp i vitt.'><\/div><\/figure><\/div><div class=\"g-card-text g-card-text__container\"><h3 class=\"g-card__title\">Thorengruppen becomes Edukatus Alliance<\/h3><p class=\"g-card__description\">Edukatus Alliance is one of Sweden&#8217;s largest educational companies, with around 80 preschools, schools, and adult education units. The new name points towards a clear direction where education \u2013 educate us \u2013 is entirely in focus. It also demonstrates that Edukatus Alliance is an educational organization with high ambitions. The new name has been approved&#8230;<\/p><\/div><\/a><a href=\"https:\/\/edukatus.se\/en\/elsa-och-engla-far-mojlighet-att-tillampa-sina-ekonomikunskaper-i-praktiken\/\" class=\"g-card\"><div class=\"g-card-image g-card-image__container\"><figure class=\"g-figure\"><div class=\"g-figure__wrapper\"><img class='g-image' style='object-position:center center;' src='https:\/\/edukatus.se\/app\/uploads\/2024\/09\/affarsgymnasiet-orebro-elsa-och-engla-far-extra-ekonomierfarenhet-683x487.png' srcset='https:\/\/edukatus.se\/app\/uploads\/2024\/09\/affarsgymnasiet-orebro-elsa-och-engla-far-extra-ekonomierfarenhet-683x487.png 683w, https:\/\/edukatus.se\/app\/uploads\/2024\/09\/affarsgymnasiet-orebro-elsa-och-engla-far-extra-ekonomierfarenhet-1366x974.png 1366w, https:\/\/edukatus.se\/app\/uploads\/2024\/09\/affarsgymnasiet-orebro-elsa-och-engla-far-extra-ekonomierfarenhet-150x107.png 150w, https:\/\/edukatus.se\/app\/uploads\/2024\/09\/affarsgymnasiet-orebro-elsa-och-engla-far-extra-ekonomierfarenhet-768x548.png 768w, https:\/\/edukatus.se\/app\/uploads\/2024\/09\/affarsgymnasiet-orebro-elsa-och-engla-far-extra-ekonomierfarenhet-910x649.png 910w, https:\/\/edukatus.se\/app\/uploads\/2024\/09\/affarsgymnasiet-orebro-elsa-och-engla-far-extra-ekonomierfarenhet-455x325.png 455w, https:\/\/edukatus.se\/app\/uploads\/2024\/09\/affarsgymnasiet-orebro-elsa-och-engla-far-extra-ekonomierfarenhet-300x214.png 300w, https:\/\/edukatus.se\/app\/uploads\/2024\/09\/affarsgymnasiet-orebro-elsa-och-engla-far-extra-ekonomierfarenhet.png 1500w' sizes='(max-width: 683px) 100vw, 683px' width='683' height='487' alt='Portr\u00e4ttbild p\u00e5 Elsa och Engla'><\/div><\/figure><\/div><div class=\"g-card-text g-card-text__container\"><h3 class=\"g-card__title\">Elsa and Engla get the opportunity to apply their economic knowledge in practice.<\/h3><p class=\"g-card__description\">Engla Gullberg and Elsa Vestman, second-year students in the economics program at Aff\u00e4rsgymnasiet \u00d6rebro, are gaining valuable insights into entrepreneurship and the economic aspects of society. Thanks to the project-based teaching, they are getting a more realistic understanding of the subject. &#8211; In the business economics course, we&#8217;ve been working on sustainability within different companies&#8230;.<\/p><\/div><\/a><\/div>\n\n<div class=\"g-block g-cta g-wrapper g-align-full\"><div class=\"g-cta__content g-align-standard\"><h2>Sustainability work<\/h2><p>The United Nation\u2019s (UN)17 Sustainable Development Goals provide the framework for Edukatus Alliance\u2019s sustainability work. We want the education we provide to make a difference and contribute to sustainable development, both within our organisation and via the long-term impact our work and our students have on the environment.<\/p>\n<div class='g-buttons g-buttons--left'><a class='g-button g-button--primary g-button--standard' href='https:\/\/edukatus.se\/hallbarhet\/'>More about our sustainability work<\/a><\/div><\/div><\/div>\n\n<section class='g-block g-columns g-columns--gap g-columns--stack' >\n\t\t\n<div class=\"g-columns__item g-column\" style=\"--adjust:flex-start;\">\n\t\n\n<p class=\"has-text-align-center\"><\/p>\n\n\n\n<p class=\"has-text-align-center\"><\/p>\n\n<\/div>\n\n\n<div class=\"g-columns__item g-column\" style=\"--adjust:flex-start;\">\n\t\n\n<p class=\"has-text-align-center\">&#8220;I want to ensure a positive and rewarding experience for my students. It\u2019s important that they feel safe and have someone to turn to. Then they can maximise their learning.\u201d<br><br><em>\u2013 Torbj\u00f6rn Nyman, teacher Vocational Upper Secondary School<\/em> <\/p>\n\n<\/div>\n\n\n<div class=\"g-columns__item g-column\" style=\"--adjust:flex-start;\">\n\t\n\n<p class=\"has-text-align-center\"><br><\/p>\n\n\n\n<p><\/p>\n\n<\/div>\n\n\n<\/section>\n","protected":false},"excerpt":{"rendered":"The Edukatus Alliance operates preschools, primary and secondary schools throughout Sweden. We believe education programmes should lead to employment or higher education. Preschool and primary school students should be given the best conditions for success and preparation for success in the next step of their education. Upper secondary schools should have strong links to both&#8230;","protected":false},"author":1,"featured_media":0,"parent":0,"menu_order":0,"comment_status":"closed","ping_status":"closed","template":"","meta":{"_acf_changed":false,"_seopress_robots_primary_cat":"","_seopress_titles_title":"Edukatus Alliance","_seopress_titles_desc":"Edukatus Alliance operates preschools, primary schools, upper secondary schools throughout Sweden.","_seopress_robots_index":"","_relevanssi_hide_post":"","_relevanssi_hide_content":"","_relevanssi_pin_for_all":"","_relevanssi_pin_keywords":"","_relevanssi_unpin_keywords":"","_relevanssi_related_keywords":"","_relevanssi_related_include_ids":"","_relevanssi_related_exclude_ids":"","_relevanssi_related_no_append":"","_relevanssi_related_not_related":"","_relevanssi_related_posts":"1898,1909","_relevanssi_noindex_reason":"","footnotes":""},"class_list":["post-1746","page","type-page","status-publish","hentry"],"acf":[],"_links":{"self":[{"href":"https:\/\/edukatus.se\/en\/wp-json\/wp\/v2\/pages\/1746","targetHints":{"allow":["GET"]}}],"collection":[{"href":"https:\/\/edukatus.se\/en\/wp-json\/wp\/v2\/pages"}],"about":[{"href":"https:\/\/edukatus.se\/en\/wp-json\/wp\/v2\/types\/page"}],"author":[{"embeddable":true,"href":"https:\/\/edukatus.se\/en\/wp-json\/wp\/v2\/users\/1"}],"replies":[{"embeddable":true,"href":"https:\/\/edukatus.se\/en\/wp-json\/wp\/v2\/comments?post=1746"}],"version-history":[{"count":5,"href":"https:\/\/edukatus.se\/en\/wp-json\/wp\/v2\/pages\/1746\/revisions"}],"predecessor-version":[{"id":28579,"href":"https:\/\/edukatus.se\/en\/wp-json\/wp\/v2\/pages\/1746\/revisions\/28579"}],"wp:attachment":[{"href":"https:\/\/edukatus.se\/en\/wp-json\/wp\/v2\/media?parent=1746"}],"curies":[{"name":"wp","href":"https:\/\/api.w.org\/{rel}","templated":true}]}}