{"id":10688,"date":"2025-06-05T14:18:15","date_gmt":"2025-06-05T12:18:15","guid":{"rendered":"https:\/\/edukatus.se\/?page_id=10688"},"modified":"2025-06-05T14:18:15","modified_gmt":"2025-06-05T12:18:15","slug":"tillganglighetsredogorelse","status":"publish","type":"page","link":"https:\/\/edukatus.se\/en\/tillganglighetsredogorelse\/","title":{"rendered":"Tillg\u00e4nglighetsredog\u00f6relse"},"content":{"rendered":"<h2 class='g-block g-heading'>Tillg\u00e4nglighet f\u00f6r edukatus.se\u00a0<\/h2>\n\n\n<p class=\"is-style-default\"><\/p>\n\n\n\n<p><strong>Edukatus Alliance AB<\/strong> (org.nr 5566139290) st\u00e5r bakom den h\u00e4r webbplatsen. Vi vill att s\u00e5 m\u00e5nga som m\u00f6jligt ska kunna anv\u00e4nda den. Det h\u00e4r dokumentet beskriver hur <strong>edukatus.se<\/strong> uppfyller lagen om tillg\u00e4nglighet till digital offentlig service, eventuella k\u00e4nda tillg\u00e4nglighetsproblem och hur du kan rapportera brister till oss s\u00e5 att vi kan \u00e5tg\u00e4rda dem.\u00a0<\/p>\n\n\n<h2 class='g-block g-heading'>Hur tillg\u00e4nglig \u00e4r webbplatsen?\u00a0<\/h2>\n\n\n<p>Vi \u00e4r medvetna om att delar av webbplatsen inte \u00e4r helt tillg\u00e4ngliga. Se avsnittet om inneh\u00e5ll som inte \u00e4r tillg\u00e4ngligt nedan f\u00f6r mer information.&nbsp;<\/p>\n\n\n<h2 class='g-block g-heading'>Vad kan du g\u00f6ra om du inte kan anv\u00e4nda delar av webbplatsen? <\/h2>\n\n\n<p>Om du beh\u00f6ver inneh\u00e5ll fr\u00e5n <strong>edukatus.se<\/strong> som inte \u00e4r tillg\u00e4ngligt f\u00f6r dig, men som \u00e4r undantaget fr\u00e5n lagens till\u00e4mpningsomr\u00e5de enligt beskrivning nedan, kan du meddela oss. Maila till: <a href=\"mailto:redaktionen@edukatus.se\" target=\"_blank\" rel=\"noreferrer noopener\">redaktionen@edukatus.se<\/a>\u00a0<\/p>\n\n\n<h2 class='g-block g-heading'>Rapportera brister i webbplatsens tillg\u00e4nglighet\u00a0<\/h2>\n\n\n<p>Vi str\u00e4var hela tiden efter att f\u00f6rb\u00e4ttra webbplatsens tillg\u00e4nglighet. Om du uppt\u00e4cker problem som inte \u00e4r beskrivna p\u00e5 den h\u00e4r sidan, eller om du anser att vi inte uppfyller lagens krav, meddela oss s\u00e5 att vi f\u00e5r veta att problemet finns.&nbsp;<\/p>\n\n\n<h2 class='g-block g-heading'>Tillsyn<\/h2>\n\n\n<p>Myndigheten f\u00f6r digital f\u00f6rvaltning, Digg, har ansvaret f\u00f6r tillsyn \u00f6ver lagen om tillg\u00e4nglighet till digital offentlig service. Du kan anm\u00e4la till Digg om du tycker att v\u00e5r digitala service har brister i tillg\u00e4nglighet.&nbsp;<\/p>\n\n\n\n<p>Du kan ocks\u00e5 anm\u00e4la till Digg om du tycker att v\u00e5r bed\u00f6mning av vad som \u00e4r osk\u00e4ligt betungande ska granskas, om du tycker att v\u00e5r tillg\u00e4nglighetsredog\u00f6relse har brister eller om du tycker att vi inte har hanterat din beg\u00e4ran om tillg\u00e4ngligg\u00f6rande korrekt.&nbsp;<\/p>\n\n\n\n<p><a href=\"https:\/\/www.digg.se\/\" target=\"_blank\" rel=\"noreferrer noopener\">https:\/\/www.digg.se<\/a>&nbsp;<br>E-post: <a href=\"mailto:tillganglighet@digg.se\" target=\"_blank\" rel=\"noreferrer noopener\">tillganglighet@digg.se<\/a>&nbsp;<br>Telefon: <strong>0771-11 44 00<\/strong>&nbsp;<\/p>\n\n\n<h2 class='g-block g-heading'>Teknisk information om webbplatsens tillg\u00e4nglighet\u00a0<\/h2>\n\n\n<p>Den h\u00e4r webbplatsen \u00e4r <strong>delvis f\u00f6renlig<\/strong> med lagen om tillg\u00e4nglighet till digital offentlig service, p\u00e5 grund av de brister som beskrivs nedan.&nbsp;<\/p>\n\n\n<h2 class='g-block g-heading'>Bristande f\u00f6renlighet med lagkraven\u00a0<\/h2>\n\n\n<p>Problem vid anv\u00e4ndning med hj\u00e4lpmedel som sk\u00e4rml\u00e4sare eller tangentbord:&nbsp;<\/p>\n\n\n\n<ul class=\"wp-block-list\">\n<li>Vissa l\u00e4nkar har otydliga eller generella l\u00e4nktexter.\u00a0<\/li>\n<\/ul>\n\n\n\n<ul class=\"wp-block-list\">\n<li>F\u00e4rgkontrasten \u00e4r i vissa fall otillr\u00e4cklig.\u00a0<\/li>\n<\/ul>\n\n\n\n<ul class=\"wp-block-list\">\n<li>Navigationsstrukturer och ARIA-landm\u00e4rken \u00e4r inte genomg\u00e5ende implementerade.\u00a0<\/li>\n<\/ul>\n\n\n<h2 class='g-block g-heading'>Hur har vi testat webbplatsen?<\/h2>\n\n\n<p>Vi har gjort en sj\u00e4lvskattning (intern testning) av <strong>edukatus.se<\/strong>.&nbsp;<\/p>\n\n\n\n<p>Senaste bed\u00f6mningen gjordes den <strong>4 juni 2025<\/strong>.&nbsp;<\/p>\n\n\n\n<p>Webbplatsen publicerades i sin nuvarande form <strong>26 september 2024<\/strong>.&nbsp;&nbsp;<\/p>\n\n\n\n<p class=\"is-style-default\">Redog\u00f6relsen uppdaterades senast den <strong>4 juni 2025<\/strong>.&nbsp;<\/p>\n\n\n\n<p><\/p>\n","protected":false},"excerpt":{"rendered":"Edukatus Alliance AB (org.nr 5566139290) st\u00e5r bakom den h\u00e4r webbplatsen. Vi vill att s\u00e5 m\u00e5nga som m\u00f6jligt ska kunna anv\u00e4nda den. Det h\u00e4r dokumentet beskriver hur edukatus.se uppfyller lagen om tillg\u00e4nglighet till digital offentlig service, eventuella k\u00e4nda tillg\u00e4nglighetsproblem och hur du kan rapportera brister till oss s\u00e5 att vi kan \u00e5tg\u00e4rda dem.\u00a0 Vi \u00e4r medvetna&#8230;","protected":false},"author":12,"featured_media":0,"parent":0,"menu_order":0,"comment_status":"closed","ping_status":"closed","template":"","meta":{"_acf_changed":false,"_seopress_robots_primary_cat":"","_seopress_titles_title":"H\u00e5llbarhet genom l\u00e4rande och ansvarsfullt f\u00f6retagande | Edukatus Alliance","_seopress_titles_desc":"Edukatus Alliance fr\u00e4mjar h\u00e5llbarhet med fokus p\u00e5 l\u00e4rande, ansvarsfullt f\u00f6retagande och minskat klimatavtryck. Vi utbildar f\u00f6r en r\u00e4ttvis och h\u00e5llbar framtid.\n\n\n\n\n\n","_seopress_robots_index":"","_relevanssi_hide_post":"","_relevanssi_hide_content":"","_relevanssi_pin_for_all":"","_relevanssi_pin_keywords":"","_relevanssi_unpin_keywords":"","_relevanssi_related_keywords":"","_relevanssi_related_include_ids":"","_relevanssi_related_exclude_ids":"","_relevanssi_related_no_append":"","_relevanssi_related_not_related":"","_relevanssi_related_posts":"538,2179,2145,536,2157,540","_relevanssi_noindex_reason":"","footnotes":""},"class_list":["post-10688","page","type-page","status-publish","hentry"],"acf":[],"_links":{"self":[{"href":"https:\/\/edukatus.se\/en\/wp-json\/wp\/v2\/pages\/10688","targetHints":{"allow":["GET"]}}],"collection":[{"href":"https:\/\/edukatus.se\/en\/wp-json\/wp\/v2\/pages"}],"about":[{"href":"https:\/\/edukatus.se\/en\/wp-json\/wp\/v2\/types\/page"}],"author":[{"embeddable":true,"href":"https:\/\/edukatus.se\/en\/wp-json\/wp\/v2\/users\/12"}],"replies":[{"embeddable":true,"href":"https:\/\/edukatus.se\/en\/wp-json\/wp\/v2\/comments?post=10688"}],"version-history":[{"count":3,"href":"https:\/\/edukatus.se\/en\/wp-json\/wp\/v2\/pages\/10688\/revisions"}],"predecessor-version":[{"id":10694,"href":"https:\/\/edukatus.se\/en\/wp-json\/wp\/v2\/pages\/10688\/revisions\/10694"}],"wp:attachment":[{"href":"https:\/\/edukatus.se\/en\/wp-json\/wp\/v2\/media?parent=10688"}],"curies":[{"name":"wp","href":"https:\/\/api.w.org\/{rel}","templated":true}]}}